{"id":11502,"date":"2019-03-21T15:20:48","date_gmt":"2019-03-21T20:20:48","guid":{"rendered":"https:\/\/soportehys.com\/web\/?page_id=11502"},"modified":"2026-03-13T18:18:51","modified_gmt":"2026-03-13T23:18:51","slug":"nuestro-colegio","status":"publish","type":"page","link":"https:\/\/colmisprin.edu.co\/web\/nuestro-colegio\/","title":{"rendered":"Nuestro Colegio"},"content":{"rendered":"<div class=\"wpb-content-wrapper\"><p>[vc_row][vc_column]<div class=\"thim-widget-heading template-base\"><div class=\"sc_heading  text-center\"><h3 style=\"font-size:35px;font-weight:600;\" class=\"title\">Informaci\u00f3n <strong>Institucional<\/strong><\/h3><\/div><\/div>[\/vc_column][\/vc_row][vc_row css=\u00bb.vc_custom_1559531433775{margin-bottom: 15px !important;}\u00bb][vc_column width=\u00bb5\/12&#8243; css=\u00bb.vc_custom_1553219212365{margin-bottom: 30px !important;}\u00bb][vc_column_text css=\u00bb\u00bb]<\/p>\n<h3 class=\"thim-text-title\">Misi\u00f3n<\/h3>\n<p>Es la de servir como generador, orientador en la adquisici\u00f3n del conocimiento cient\u00edfico e impulsar al educando educaci\u00f3n integral con sentido cr\u00edtico, anal\u00edtico y de responsabilidad. Por los dem\u00e1s, que participe y defienda los valores, derechos humanos individuales y sociales, con el prop\u00f3sito de colaborarle posibles soluciones de los problemas que a ellos se les presente en el futuro, o sea que el colegio brinda su apoyo incondicional.[\/vc_column_text][\/vc_column][vc_column width=\u00bb7\/12&#8243; css=\u00bb.vc_custom_1553219224890{margin-bottom: 30px !important;}\u00bb][vc_column_text css=\u00bb\u00bb]<\/p>\n<h3 class=\"thim-text-title\">Visi\u00f3n<\/h3>\n<p>Este colegio tiene como \u00fanico prop\u00f3sito proyectar una persona hacia la comunidad y sociedad con valores como la honestidad, responsabilidad, anal\u00edtico, cr\u00edtico y ante todo con una capacidad de desarrollo que sirva de base a la comunidad y al el mismo para sus prop\u00f3sitos; con cualidades o h\u00e1bitos sociales le permitan respetar su medio cultural.[\/vc_column_text][\/vc_column][\/vc_row][vc_row][vc_column][vc_tta_tabs][vc_tta_section title=\u00bbOBJETIVOS Y VALORES\u00bb tab_id=\u00bb1553201553639-a4a157b2-0618&#8243;][vc_column_text]<\/p>\n<h3 class=\"thim-text-title\">Objetivos Institucionales<\/h3>\n<ul class=\"thim-list-content\">\n<li>Ofrecer &#8230;<\/li>\n<\/ul>\n<p>&nbsp;<\/p>\n<h3 class=\"thim-text-title\">Valores Institucionales<\/h3>\n<p>Como ejes articuladores\u00a0 los siguientes valores:<\/p>\n<ul class=\"thim-list-content\">\n<li><strong>La Justicia<\/strong>: ssssss.<\/li>\n<\/ul>\n<p>[\/vc_column_text][\/vc_tta_section][vc_tta_section title=\u00bbFILOSOF\u00cdA Y PRINCIPIOS\u00bb tab_id=\u00bb1553201553661-4cb8a9a4-11b5&#8243;][vc_column_text css=\u00bb\u00bb]<\/p>\n<p class=\"thim-text-title\"><strong>Filosof\u00eda del colegio.<\/strong><br \/>\nEl colegio tiene unos lineamientos para la formaci\u00f3n del estudiante en el saber cient\u00edfico y en la parte moral, que se basa en los principios: democracia, paz, creatividad y una formaci\u00f3n moral y \u00e9tica, sin descuidar la parte acad\u00e9mica buscando siempre que los educandos que se formen en esta instituci\u00f3n sean a futuro unos baluartes de honestidad, solidaridad y adem\u00e1s que poseen un gran esp\u00edritu cr\u00edtico, con el fin de lograr de esta manera la identidad del sujeto como persona y alcanzar unos fundamentos s\u00f3lidos que contribuyan a una mejor sociedad, adem\u00e1s espacios abiertos a la comunidad para que con la ayuda de e3llos y el colegio se organicen espacios donde se presente la cultura y los principios morales que permita la reflexi\u00f3n. Lo expuesto en el anterior p\u00e1rrafo se resume en una frase: CIENCIA Y PROGRESO, filosof\u00eda del colegio.<\/p>\n<p>[\/vc_column_text][\/vc_tta_section][vc_tta_section title=\u00bbPOL\u00cdTICA Y OBJETIVOS DE CALIDAD\u00bb tab_id=\u00bb1553202116208-8d028f78-28a5&#8243;][vc_column_text]<\/p>\n<h3 class=\"thim-text-title\">Pol\u00edtica de Calidad<\/h3>\n<p>La Instituci\u00f3n Ovy&#8230;<\/p>\n<h3 class=\"thim-text-title\">Objetivos de Calidad<\/h3>\n<ul class=\"thim-list-content\">\n<li>Requisitos y necesidades de los usuarios<\/li>\n<\/ul>\n<p>[\/vc_column_text][\/vc_tta_section][vc_tta_section title=\u00bbENFOQUE PEDAG\u00d3GICO\u00bb tab_id=\u00bb1553203450656-a52e943b-1e54&#8243;][vc_column_text]<\/p>\n<h3 class=\"thim-text-title\">Enfoque Pedag\u00f3gico<\/h3>\n<p>El enfoque pedag\u00f3gic&#8230;[\/vc_column_text][\/vc_tta_section][\/vc_tta_tabs][\/vc_column][\/vc_row][vc_row css=\u00bb.vc_custom_1559532503179{background-color: #95c5f4 !important;}\u00bb][vc_column][vc_row_inner][vc_column_inner]<div class=\"thim-widget-heading template-base\"><div class=\"sc_heading  text-center\"><h3 class=\"title\"><strong>Himno<\/strong> Institucional<\/h3><span class=\"line\"><\/span><\/div><\/div>[\/vc_column_inner][\/vc_row_inner][vc_row_inner][vc_column_inner width=\u00bb1\/3&#8243;]<div class=\"thim-widget-heading template-base\"><div class=\"sc_heading  text-center\"><h3 class=\"title\">Coro<\/h3><span class=\"line\"><\/span><\/div><\/div>[vc_column_text css=\u00bb\u00bb]<\/p>\n<div style=\"text-align: center;\">\n<p><strong><em>V<\/em><\/strong><strong><em>amos \u00a0todos, vamos a estudiar<br \/>\nQue el estudio es una gran virtud<br \/>\nAdelante vamos todos ya<br \/>\n<\/em><\/strong><strong><em>Q<\/em><\/strong><strong><em>ue el futuro es de la juventud.<\/em><\/strong><\/p>\n<\/div>\n<div style=\"text-align: center;\"><\/div>\n<p>[\/vc_column_text]<div class=\"thim-widget-heading template-base\"><div class=\"sc_heading  text-center\"><h3 class=\"title\">III<\/h3><span class=\"line\"><\/span><\/div><\/div>[vc_column_text css=\u00bb\u00bb]<\/p>\n<div style=\"text-align: center;\">\n<p><strong><em>Oh divino Dios, bendice esta instituci\u00f3n<br \/>\n<\/em><\/strong><strong><em>\u00da<\/em><\/strong><strong><em>ngelas con tus bondades<br \/>\n<\/em><\/strong><strong><em>P<\/em><\/strong><strong><em>ara que este semillero germine<br \/>\n<\/em><\/strong><strong><em>Y de buenos frutos en pro de la educaci\u00f3n<\/em><\/strong><\/p>\n<\/div>\n<p>[\/vc_column_text][\/vc_column_inner][vc_column_inner width=\u00bb1\/3&#8243;]<div class=\"thim-widget-heading template-base\"><div class=\"sc_heading  text-center\"><h3 class=\"title\">I<\/h3><span class=\"line\"><\/span><\/div><\/div>[vc_column_text css=\u00bb\u00bb]<\/p>\n<div style=\"text-align: center;\">\n<p><strong><em>U<\/em><\/strong><strong><em>n plantel educativo que naci\u00f3 en Valledupar<br \/>\n<\/em><\/strong><strong><em>U<\/em><\/strong><strong><em>ntado de un pueblo humilde<br \/>\n<\/em><\/strong><strong><em>V<\/em><\/strong><strong><em>a aviando en nuestras mentes<br \/>\n<\/em><\/strong><strong><em>Deseos de superaci\u00f3n, con la antorcha del saber<\/em><\/strong><\/p>\n<\/div>\n<p>[\/vc_column_text]<div class=\"thim-widget-heading template-base\"><div class=\"sc_heading  text-center\"><h3 class=\"title\">IV<\/h3><span class=\"line\"><\/span><\/div><\/div>[vc_column_text css=\u00bb\u00bb]<\/p>\n<p style=\"text-align: center;\"><strong><em>I<\/em><\/strong><strong><em>nstituci\u00f3n que ha tenido un educando integral<br \/>\nCapaz de generar cambios con propios conocimientos<br \/>\n<\/em><\/strong><strong><em>C<\/em><\/strong><strong><em>e<\/em><\/strong><strong><em>ntrada en la autoestima<br \/>\n<\/em><\/strong><strong><em>Ser primera en su visi\u00f3n<\/em><\/strong><\/p>\n<p>[\/vc_column_text][\/vc_column_inner][vc_column_inner width=\u00bb1\/3&#8243;]<div class=\"thim-widget-heading template-base\"><div class=\"sc_heading  text-center\"><h3 class=\"title\">II<\/h3><span class=\"line\"><\/span><\/div><\/div>[vc_column_text css=\u00bb\u00bb]<\/p>\n<p style=\"text-align: center;\"><strong><em>A<\/em><\/strong><strong><em>qu\u00ed en el pecho llevamos<br \/>\n<\/em><\/strong><strong><em>Nuestro lema con amor<br \/>\n<\/em><\/strong><strong><em>Ciencia y tecnolog\u00eda que nos mantiene latente<br \/>\nJuventud que luchar quieres por un futuro mejor <\/em><\/strong><\/p>\n<p>[\/vc_column_text]<div class=\"thim-widget-heading template-base\"><div class=\"sc_heading  text-center\"><h3 class=\"title\">Coro<\/h3><span class=\"line\"><\/span><\/div><\/div>[vc_column_text css=\u00bb\u00bb]<\/p>\n<div style=\"text-align: center;\">\n<p><strong><em>V<\/em><\/strong><strong><em>amos \u00a0todos, vamos a estudiar<br \/>\nQue el estudio es una gran virtud<br \/>\nAdelante vamos todos ya<br \/>\n<\/em><\/strong><strong><em>Q<\/em><\/strong><strong><em>ue el futuro es de la juventud.<\/em><\/strong><\/p>\n<\/div>\n<div style=\"text-align: center;\"><\/div>\n<p>[\/vc_column_text][\/vc_column_inner][\/vc_row_inner][\/vc_column][\/vc_row]<\/p>\n<\/div>","protected":false},"excerpt":{"rendered":"<p>[vc_row][vc_column][\/vc_column][\/vc_row][vc_row css=\u00bb.vc_custom_1559531433775{margin-bottom: 15px !important;}\u00bb][vc_column width=\u00bb5\/12&#8243; css=\u00bb.vc_custom_1553219212365{margin-bottom: 30px !important;}\u00bb][vc_column_text css=\u00bb\u00bb] Misi\u00f3n Es la de servir como generador, orientador en la adquisici\u00f3n del conocimiento cient\u00edfico e impulsar al educando educaci\u00f3n integral con sentido cr\u00edtico, anal\u00edtico y de responsabilidad. Por los dem\u00e1s, que &hellip; <\/p>\n","protected":false},"author":1,"featured_media":0,"parent":0,"menu_order":0,"comment_status":"closed","ping_status":"closed","template":"","meta":{"footnotes":""},"class_list":["post-11502","page","type-page","status-publish","hentry"],"_links":{"self":[{"href":"https:\/\/colmisprin.edu.co\/web\/wp-json\/wp\/v2\/pages\/11502","targetHints":{"allow":["GET"]}}],"collection":[{"href":"https:\/\/colmisprin.edu.co\/web\/wp-json\/wp\/v2\/pages"}],"about":[{"href":"https:\/\/colmisprin.edu.co\/web\/wp-json\/wp\/v2\/types\/page"}],"author":[{"embeddable":true,"href":"https:\/\/colmisprin.edu.co\/web\/wp-json\/wp\/v2\/users\/1"}],"replies":[{"embeddable":true,"href":"https:\/\/colmisprin.edu.co\/web\/wp-json\/wp\/v2\/comments?post=11502"}],"version-history":[{"count":5,"href":"https:\/\/colmisprin.edu.co\/web\/wp-json\/wp\/v2\/pages\/11502\/revisions"}],"predecessor-version":[{"id":12081,"href":"https:\/\/colmisprin.edu.co\/web\/wp-json\/wp\/v2\/pages\/11502\/revisions\/12081"}],"wp:attachment":[{"href":"https:\/\/colmisprin.edu.co\/web\/wp-json\/wp\/v2\/media?parent=11502"}],"curies":[{"name":"wp","href":"https:\/\/api.w.org\/{rel}","templated":true}]}}